{"id":18710,"date":"2024-05-08T13:17:06","date_gmt":"2024-05-08T13:17:06","guid":{"rendered":"https:\/\/ilsr.org\/?page_id=18710"},"modified":"2026-02-19T19:00:14","modified_gmt":"2026-02-20T00:00:14","slug":"recursos-para-compostaje","status":"publish","type":"page","link":"https:\/\/ilsr.org\/es\/composting\/recursos-para-compostaje\/","title":{"rendered":"Recursos para el compostaje en espa\u00f1ol"},"content":{"rendered":"","protected":false},"excerpt":{"rendered":"","protected":false},"author":67,"featured_media":0,"parent":18537,"menu_order":0,"comment_status":"closed","ping_status":"closed","template":"","meta":{"_acf_changed":false,"_relevanssi_hide_post":"","_relevanssi_hide_content":"","_relevanssi_pin_for_all":"","_relevanssi_pin_keywords":"","_relevanssi_unpin_keywords":"","_relevanssi_related_keywords":"","_relevanssi_related_include_ids":"","_relevanssi_related_exclude_ids":"","_relevanssi_related_no_append":"","_relevanssi_related_not_related":"","_relevanssi_related_posts":"","_relevanssi_noindex_reason":""},"class_list":["post-18710","page","type-page","status-publish","hentry"],"acf":{"details":{"description":"","background_color":"blue"},"sidebar":{"title":"\u00cdndice"},"page_layout":[{"acf_fc_layout":"layout_wysiwyg","_acfe_flexible_toggle":null,"component_wysiwyg":{"content":"<span style=\"font-weight: 400;\">Hemos recopilado una lista en desarrollo de los recursos de compostaje para hablantes de espa\u00f1ol. Tambi\u00e9n puede encontrar todos nuestros recursos etiquetados como \u201ccompostaje\u201d.\u201d <\/span><a href=\"https:\/\/ilsr.org\/resources-publications\/?topics%5B%5D=68\" target=\"_blank\" rel=\"noopener\"><span style=\"font-weight: 400;\">aqu\u00ed<\/span><\/a><span style=\"font-weight: 400;\">.<\/span>\r\n<h3>Carteles<\/h3>\r\n<span style=\"font-weight: 400;\">Cartel: <\/span><a href=\"https:\/\/ilsr.org\/poster-what-is-composting-spanish\/\" target=\"_blank\" rel=\"noopener\"><span style=\"font-weight: 400;\">\u00bfQu\u00e9 es el compostaje?<\/span><\/a>\r\n\r\n<span style=\"font-weight: 400;\">Cartel: <\/span><a href=\"https:\/\/ilsr.org\/food-waste-hierarchy-spanish\/\" target=\"_blank\" rel=\"noopener\"><span style=\"font-weight: 400;\">Nueva Jerarqu\u00eda en Espa\u00f1ol para Reducir los Residuos de Alimentos y Cultivar Comunidad<\/span><\/a>\r\n\r\nInfograf\u00eda:\u00a0<a href=\"https:\/\/ilsr.org\/articles\/compostaje-crisis-climatica\/\" target=\"_blank\" rel=\"noopener noreferrer\">C\u00f3mo el compostaje combate la crisis clim\u00e1tica<\/a>\r\n\r\nInfograf\u00edas:\u00a0<a href=\"https:\/\/ilsr.org\/articles\/infografias-compostemos-para-tener-un-mejor-planeta\/\" target=\"_blank\" rel=\"noopener noreferrer\">Hagamos compost para tener un planeta mejor.<\/a>\r\n\r\nCarteles:\u00a0<a href=\"https:\/\/ilsr.org\/articles\/posters-compost-impacto-mayor-que-cree\/\" target=\"_blank\" rel=\"noopener noreferrer\">El compost tiene un impacto mayor de lo que cree<\/a>\r\n<h3>Recursos para el compostaje casero<\/h3>\r\n<span style=\"font-weight: 400;\">Lista de reproducci\u00f3n en YouTube: <\/span><a href=\"https:\/\/www.youtube.com\/playlist?list=PLZ1cQ-u1XTA4xl0yeQhpqr4OKbK3bwlLx\"><span style=\"font-weight: 400;\">Taller de compostaje casero<\/span><\/a>\r\n<ul>\r\n \t<li style=\"font-weight: 400;\" aria-level=\"1\"><a href=\"https:\/\/youtu.be\/3gBPEmYNKnU?si=kFpGnxoZ0Xr1a2hO\"><span style=\"font-weight: 400;\">Taller completo<\/span><\/a><\/li>\r\n \t<li style=\"font-weight: 400;\" aria-level=\"1\"><a href=\"https:\/\/www.youtube.com\/watch?v=40W1jUhiOGM&amp;list=PLZ1cQ-u1XTA4xl0yeQhpqr4OKbK3bwlLx&amp;index=2&amp;t=4s\"><span style=\"font-weight: 400;\">Parte 1 de 5: \u00bfQu\u00e9 es el compostaje y para qu\u00e9 compostamos?<\/span><\/a><\/li>\r\n \t<li style=\"font-weight: 400;\" aria-level=\"1\"><a href=\"https:\/\/www.youtube.com\/watch?v=MEf0ZX74rzE&amp;list=PLZ1cQ-u1XTA4xl0yeQhpqr4OKbK3bwlLx&amp;index=3\"><span style=\"font-weight: 400;\">Parte 2 de 5: \u00bfCon qu\u00e9 se hace el compost?<\/span><\/a><\/li>\r\n \t<li style=\"font-weight: 400;\" aria-level=\"1\"><a href=\"https:\/\/www.youtube.com\/watch?v=9zBIiXoW8F0&amp;list=PLZ1cQ-u1XTA4xl0yeQhpqr4OKbK3bwlLx&amp;index=4\"><span style=\"font-weight: 400;\">Parte 3 de 5: Proceso b\u00e1sico y primeros pasos<\/span><\/a><\/li>\r\n \t<li style=\"font-weight: 400;\" aria-level=\"1\"><a href=\"https:\/\/www.youtube.com\/watch?v=tQPaVoUWkYc&amp;list=PLZ1cQ-u1XTA4xl0yeQhpqr4OKbK3bwlLx&amp;index=5\"><span style=\"font-weight: 400;\">Parte 4 de 5: \u00bfD\u00f3nde ubicar el compostador para evitar problemas?<\/span><\/a><\/li>\r\n \t<li style=\"font-weight: 400;\" aria-level=\"1\"><a href=\"https:\/\/www.youtube.com\/watch?v=BrnOrwsxGKU&amp;list=PLZ1cQ-u1XTA4xl0yeQhpqr4OKbK3bwlLx&amp;index=6\"><span style=\"font-weight: 400;\">Parte 5 de 5: \u00bfCu\u00e1ndo est\u00e1 listo? \u00bfD\u00f3nde usamos el compost?<\/span><\/a><\/li>\r\n<\/ul>\r\n<span style=\"font-weight: 400;\">Taller: <\/span><a href=\"https:\/\/www.youtube.com\/watch?v=uLYSlVdfVrI&amp;t=60s\"><span style=\"font-weight: 400;\">Taller de compostaje casero<\/span><\/a>\r\n<h3>Gu\u00edas de entrenamiento<\/h3>\r\n<span style=\"font-weight: 400;\">Gu\u00eda de entrenamiento: <\/span><span style=\"font-weight: 400;\"><a href=\"https:\/\/d2g9c.share.hsforms.com\/2aDkMyJ-6RyOLY5q-vhwmlw\" target=\"_blank\" rel=\"noopener\">Compostaje 101<\/a><\/span>\r\n\r\nGu\u00eda de entrenamiento: <a href=\"https:\/\/d2g9c.share.hsforms.com\/2q8JAYUgpS8q2-jbD6HFlWw\" target=\"_blank\" rel=\"noopener\">Introducci\u00f3n al Compostaje Dom\u00e9stico 101<\/a>\r\n\r\nGu\u00eda de entrenamiento: <a href=\"https:\/\/d2g9c.share.hsforms.com\/26HqwP-2DQKOQ-y4W7tiNQw\" target=\"_blank\" rel=\"noopener\">Vermicompostaje 101<\/a>\r\n<h3><strong>Actividades de aprendizaje sobre el compostaje<\/strong><\/h3>\r\n<ul>\r\n \t<li style=\"font-weight: 400;\" aria-level=\"1\"><a href=\"https:\/\/ilsr.org\/wp-content\/uploads\/2024\/03\/Identificar-materiales-compostables.pdf\"><span style=\"font-weight: 400;\">Identificar materiales compostables<\/span><\/a><\/li>\r\n \t<li style=\"font-weight: 400;\" aria-level=\"1\"><a href=\"https:\/\/ilsr.org\/wp-content\/uploads\/2024\/03\/Construccion-de-pilas-y-medicion-de-la-densidad-de-la-pila.pdf\"><span style=\"font-weight: 400;\">Construcci\u00f3n de pilas y medici\u00f3n de la densidad de la pila<\/span><\/a><\/li>\r\n \t<li style=\"font-weight: 400;\" aria-level=\"1\"><a href=\"https:\/\/ilsr.org\/wp-content\/uploads\/2024\/03\/La-Prueba-de-humedad.pdf\"><span style=\"font-weight: 400;\">La prueba de humedad del \u201capret\u00f3n\u201d para una pila de compost<\/span><\/a><\/li>\r\n \t<li style=\"font-weight: 400;\" aria-level=\"1\"><a href=\"https:\/\/ilsr.org\/wp-content\/uploads\/2024\/03\/Demostracion-de-los-beneficios-de-la-retencion-del-agua-del-compost.pdf\"><span style=\"font-weight: 400;\">Demostraci\u00f3n de los beneficios de la retenci\u00f3n del agua del compost<\/span><\/a><\/li>\r\n \t<li style=\"font-weight: 400;\" aria-level=\"1\"><a href=\"https:\/\/ilsr.org\/wp-content\/uploads\/2024\/03\/Prueba-de-germinacion-de-semillas-para-determinar-la-madurez-del-compost.pdf\"><span style=\"font-weight: 400;\">Prueba de germinaci\u00f3n de semillas para determinar la madurez del compost<\/span><\/a><\/li>\r\n<\/ul>\r\n<h3>Se\u00f1alizaci\u00f3n<\/h3>\r\n<span style=\"font-weight: 400;\">Para los sitios de compostaje de la comunidad:<\/span>\r\n<ul>\r\n \t<li style=\"font-weight: 400;\" aria-level=\"1\"><a href=\"https:\/\/ilsr.org\/wp-content\/uploads\/2023\/07\/Spanish-Instruction-Signs-Translation_Part3.pdf\"><span style=\"font-weight: 400;\">Instrucciones para el dep\u00f3sito de restos de comida de la comunidad: 3 pasos<\/span><\/a><\/li>\r\n \t<li style=\"font-weight: 400;\" aria-level=\"1\"><a href=\"https:\/\/ilsr.org\/wp-content\/uploads\/2023\/07\/Spanish-Instruction-Signs-Translation_Part1.pdf\"><span style=\"font-weight: 400;\">Instrucciones para el dep\u00f3sito de restos de comida de la comunidad: 5 pasos<\/span><\/a><\/li>\r\n \t<li style=\"font-weight: 400;\" aria-level=\"1\"><a href=\"https:\/\/ilsr.org\/wp-content\/uploads\/2023\/07\/Spanish-Instruction-Signs-Translation_Part2.pdf\"><span style=\"font-weight: 400;\">Instrucciones para el dep\u00f3sito de restos de comida de la comunidad: contenedores giratorios para compostaje.<\/span><\/a><\/li>\r\n<\/ul>\r\n<h2><b>Acerca del compostaje por iniciativa de la comunidad<\/b><\/h2>\r\n<span style=\"font-weight: 400;\">El Instituto para la Autosuficiencia Local (ILSR) tiene una visi\u00f3n de comunidades pr\u00f3speras, diversas y equitativas. Para lograr esta visi\u00f3n, construimos un poder local para combatir el control corporativo. Trabajamos para garantizar que personas de todos los colores y or\u00edgenes puedan ejercer el poder sobre sus vidas: c\u00f3mo proveen a sus familias, c\u00f3mo se comparten y designan los recursos en sus comunidades y c\u00f3mo les afectan las decisiones que toman el gobierno, las corporaciones y las empresas.<\/span>\r\n\r\n<span style=\"font-weight: 400;\">La Iniciativa de compostaje para la comunidad del ILSR impulsa esta visi\u00f3n mediante el apoyo a una infraestructura distribuida y el creciente sector del compostaje comunitario. El compostaje comunitario implica la elaboraci\u00f3n y el uso del compost dentro de la misma comunidad donde se genera el material. Involucra a la comunidad en el proceso de compostaje. Cuando el compostaje se basa de manera local, la participaci\u00f3n y la educaci\u00f3n de la comunidad pueden florecer. El ILSR ha impulsado por mucho tiempo el <\/span><a href=\"https:\/\/ilsr.org\/es\/composting\/what-is-community-composting\/\"><span style=\"font-weight: 400;\">compostaje comunitario<\/span><\/a><span style=\"font-weight: 400;\"> como una estrategia de cero residuos que maximiza los beneficios del compostaje para las comunidades locales.<\/span>\r\n\r\n<span style=\"font-weight: 400;\">Los compostadores a escala comunitaria desempe\u00f1an un papel integral y \u00fanico tanto en la diversificaci\u00f3n de la industria del compostaje en general como en la construcci\u00f3n de sistemas alimentarios regenerativos. A menudo son innovadores y emprendedores sociales. Muchos de ellos recolectan los restos de comida en bicicleta. Otros emplean a j\u00f3venes y personas marginadas. Un n\u00famero cada vez mayor utiliza estructuras de propiedad cooperativa. Se ubican en escuelas, universidades, huertos comunitarios, granjas y muchos otros lugares urbanos, suburbanos y rurales.<\/span>\r\n\r\n<span style=\"font-weight: 400;\">El compostaje a escala comunitaria genera inclusi\u00f3n social y empoderamiento, vecindarios m\u00e1s verdes, suelos locales mejorados, mayor seguridad alimentaria y menos desiertos alimentarios; menos tr\u00e1fico de camiones que transportan basura, m\u00e1s empleos locales y un aumento del conocimiento y las habilidades sobre el compostaje dentro de la fuerza laboral local, lo cual se refuerza en la siguiente generaci\u00f3n. Conozca m\u00e1s sobre el movimiento. <\/span><a href=\"https:\/\/ilsr.org\/es\/composting\/community-composters\/\"><span style=\"font-weight: 400;\">aqu\u00ed<\/span><\/a><span style=\"font-weight: 400;\">.<\/span>\r\n<h2><b>Principios rectores del compostaje comunitario<\/b><\/h2>\r\n<ol>\r\n \t<li style=\"font-weight: 400;\" aria-level=\"1\"><span style=\"font-weight: 400;\">Recursos recuperados: Se reduce el desperdicio: los restos de comida y otros materiales org\u00e1nicos se desv\u00edan de ser desechados y se convierten en abono.<\/span><\/li>\r\n \t<li style=\"font-weight: 400;\" aria-level=\"1\"><span style=\"font-weight: 400;\">Con base local y circuito cerrado: Los materiales org\u00e1nicos son un bien comunitario y se generan y reciclan en compost dentro del mismo vecindario o comunidad.<\/span><\/li>\r\n \t<li style=\"font-weight: 400;\" aria-level=\"1\"><span style=\"font-weight: 400;\">Los materiales org\u00e1nicos se devuelven al suelo: El compost se usa para mejorar los suelos locales, apoyar la producci\u00f3n local de alimentos y preservar la ecolog\u00eda natural mediante la mejora de la estructura del suelo y el mantenimiento de nutrientes, carbono y microorganismos del suelo.<\/span><\/li>\r\n \t<li style=\"font-weight: 400;\" aria-level=\"1\"><span style=\"font-weight: 400;\">A escala comunitaria y diversificado: La infraestructura del compostaje es diversa, distribuida y sostenible; los sistemas se ampl\u00edan para satisfacer las necesidades de una comunidad autodefinida.<\/span><\/li>\r\n \t<li style=\"font-weight: 400;\" aria-level=\"1\"><span style=\"font-weight: 400;\">Comunidad comprometida, empoderada y educada: El programa de compostaje compromete y educa a la comunidad en el pensamiento de sistemas alimentarios, la administraci\u00f3n de recursos o la sostenibilidad comunitaria, al tiempo que brinda soluciones que empoderan a las personas, las empresas y las instituciones para captar el desperdicio org\u00e1nico y conservarlo como un recurso comunitario.<\/span><\/li>\r\n \t<li style=\"font-weight: 400;\" aria-level=\"1\"><span style=\"font-weight: 400;\">Con apoyo comunitario: Se alinea con las metas de la comunidad (como suelos y personas saludables) y recibe el apoyo de la comunidad a la que sirve. Lo contrario tambi\u00e9n es cierto: un programa de compostaje comunitario apoya el bienestar social, econ\u00f3mico y medioambiental de la comunidad.<\/span><\/li>\r\n<\/ol>\r\n<span style=\"font-weight: 400;\">\u00bfQuiere saber c\u00f3mo iniciar una iniciativa de compostaje comunitario? Consulte nuestro <\/span><a href=\"https:\/\/ilsr.org\/community-composting-101-certificate-course\/\"><span style=\"font-weight: 400;\">Curso en l\u00ednea con certificado \u00abCompostaje comunitario 101\u00bb<\/span><\/a><span style=\"font-weight: 400;\"> (Curso certificado en l\u00ednea Compostaje comunitario 101).\u00a0<\/span>\r\n\r\n<span style=\"font-weight: 400;\">\u00bfYa es compostador comunitario? <\/span><a href=\"https:\/\/ilsr.org\/es\/composting\/community-composter-coalition\/\"><span style=\"font-weight: 400;\">\u00danase a nuestra coalici\u00f3n<\/span><\/a><span style=\"font-weight: 400;\"> \u00a1Y a nuestra conversaci\u00f3n!<\/span>","":null,"settings":""}}]},"yoast_head":"<!-- This site is optimized with the Yoast SEO plugin v27.2 - https:\/\/yoast.com\/product\/yoast-seo-wordpress\/ -->\n<title>Recursos Para Compostaje En Espa\u00f1ol<\/title>\n<meta name=\"description\" content=\"Hemos recopilado una lista en desarrollo de los recursos de compostaje de nuestra comunidad para hablantes del espa\u00f1ol.\" \/>\n<meta name=\"robots\" content=\"index, follow, max-snippet:-1, max-image-preview:large, max-video-preview:-1\" \/>\n<link rel=\"canonical\" href=\"https:\/\/ilsr.org\/es\/composting\/recursos-para-compostaje\/\" \/>\n<meta property=\"og:locale\" content=\"es_MX\" \/>\n<meta property=\"og:type\" content=\"article\" \/>\n<meta property=\"og:title\" content=\"Recursos Para Compostaje En Espa\u00f1ol\" \/>\n<meta property=\"og:description\" content=\"Hemos recopilado una lista en desarrollo de los recursos de compostaje de nuestra comunidad para hablantes del espa\u00f1ol.\" \/>\n<meta property=\"og:url\" content=\"https:\/\/ilsr.org\/es\/composting\/recursos-para-compostaje\/\" \/>\n<meta property=\"og:site_name\" content=\"Institute for Local Self-Reliance\" \/>\n<meta property=\"article:publisher\" content=\"https:\/\/www.facebook.com\/localselfreliance\" \/>\n<meta property=\"article:modified_time\" content=\"2026-02-20T00:00:14+00:00\" \/>\n<meta property=\"og:image\" content=\"https:\/\/ilsr.org\/wp-content\/uploads\/2024\/05\/ILSR-share.png\" \/>\n\t<meta property=\"og:image:width\" content=\"1200\" \/>\n\t<meta property=\"og:image:height\" content=\"630\" \/>\n\t<meta property=\"og:image:type\" content=\"image\/png\" \/>\n<meta name=\"twitter:card\" content=\"summary_large_image\" \/>\n<meta name=\"twitter:label1\" content=\"Tiempo de lectura\" \/>\n\t<meta name=\"twitter:data1\" content=\"4 minutos\" \/>\n<script type=\"application\/ld+json\" class=\"yoast-schema-graph\">{\"@context\":\"https:\/\/schema.org\",\"@graph\":[{\"@type\":\"WebPage\",\"@id\":\"https:\/\/ilsr.org\/composting\/recursos-para-compostaje\/\",\"url\":\"https:\/\/ilsr.org\/composting\/recursos-para-compostaje\/\",\"name\":\"Recursos Para Compostaje En Espa\u00f1ol\",\"isPartOf\":{\"@id\":\"https:\/\/ilsr.org\/#website\"},\"datePublished\":\"2024-05-08T13:17:06+00:00\",\"dateModified\":\"2026-02-20T00:00:14+00:00\",\"description\":\"Hemos recopilado una lista en desarrollo de los recursos de compostaje de nuestra comunidad para hablantes del espa\u00f1ol.\",\"breadcrumb\":{\"@id\":\"https:\/\/ilsr.org\/composting\/recursos-para-compostaje\/#breadcrumb\"},\"inLanguage\":\"es\",\"potentialAction\":[{\"@type\":\"ReadAction\",\"target\":[\"https:\/\/ilsr.org\/composting\/recursos-para-compostaje\/\"]}]},{\"@type\":\"BreadcrumbList\",\"@id\":\"https:\/\/ilsr.org\/composting\/recursos-para-compostaje\/#breadcrumb\",\"itemListElement\":[{\"@type\":\"ListItem\",\"position\":1,\"name\":\"Composting for Community\",\"item\":\"https:\/\/ilsr.org\/composting\/\"},{\"@type\":\"ListItem\",\"position\":2,\"name\":\"Recursos Para Compostaje En Espa\u00f1ol\"}]},{\"@type\":\"WebSite\",\"@id\":\"https:\/\/ilsr.org\/#website\",\"url\":\"https:\/\/ilsr.org\/\",\"name\":\"Institute for Local Self-Reliance\",\"description\":\"\",\"publisher\":{\"@id\":\"https:\/\/ilsr.org\/#organization\"},\"potentialAction\":[{\"@type\":\"SearchAction\",\"target\":{\"@type\":\"EntryPoint\",\"urlTemplate\":\"https:\/\/ilsr.org\/?s={search_term_string}\"},\"query-input\":{\"@type\":\"PropertyValueSpecification\",\"valueRequired\":true,\"valueName\":\"search_term_string\"}}],\"inLanguage\":\"es\"},{\"@type\":\"Organization\",\"@id\":\"https:\/\/ilsr.org\/#organization\",\"name\":\"Institute for Local Self-Reliance\",\"alternateName\":\"ILSR\",\"url\":\"https:\/\/ilsr.org\/\",\"logo\":{\"@type\":\"ImageObject\",\"inLanguage\":\"es\",\"@id\":\"https:\/\/ilsr.org\/#\/schema\/logo\/image\/\",\"url\":\"https:\/\/ilsr.org\/wp-content\/uploads\/2025\/10\/ilsr_color.png\",\"contentUrl\":\"https:\/\/ilsr.org\/wp-content\/uploads\/2025\/10\/ilsr_color.png\",\"width\":509,\"height\":290,\"caption\":\"Institute for Local Self-Reliance\"},\"image\":{\"@id\":\"https:\/\/ilsr.org\/#\/schema\/logo\/image\/\"},\"sameAs\":[\"https:\/\/www.facebook.com\/localselfreliance\",\"https:\/\/www.linkedin.com\/company\/institute-for-local-self-reliance\/\",\"https:\/\/www.instagram.com\/ilsr_org\/\"]}]}<\/script>\n<!-- \/ Yoast SEO plugin. -->","yoast_head_json":{"title":"Recursos para el compostaje en espa\u00f1ol","description":"Hemos recopilado una lista en desarrollo de los recursos de compostaje de nuestra comunidad para hablantes del espa\u00f1ol.","robots":{"index":"index","follow":"follow","max-snippet":"max-snippet:-1","max-image-preview":"max-image-preview:large","max-video-preview":"max-video-preview:-1"},"canonical":"https:\/\/ilsr.org\/es\/composting\/recursos-para-compostaje\/","og_locale":"es_MX","og_type":"article","og_title":"Recursos Para Compostaje En Espa\u00f1ol","og_description":"Hemos recopilado una lista en desarrollo de los recursos de compostaje de nuestra comunidad para hablantes del espa\u00f1ol.","og_url":"https:\/\/ilsr.org\/es\/composting\/recursos-para-compostaje\/","og_site_name":"Institute for Local Self-Reliance","article_publisher":"https:\/\/www.facebook.com\/localselfreliance","article_modified_time":"2026-02-20T00:00:14+00:00","og_image":[{"width":1200,"height":630,"url":"https:\/\/ilsr.org\/wp-content\/uploads\/2024\/05\/ILSR-share.png","type":"image\/png"}],"twitter_card":"summary_large_image","twitter_misc":{"Tiempo de lectura":"4 minutos"},"schema":{"@context":"https:\/\/schema.org","@graph":[{"@type":"WebPage","@id":"https:\/\/ilsr.org\/composting\/recursos-para-compostaje\/","url":"https:\/\/ilsr.org\/composting\/recursos-para-compostaje\/","name":"Recursos para el compostaje en espa\u00f1ol","isPartOf":{"@id":"https:\/\/ilsr.org\/#website"},"datePublished":"2024-05-08T13:17:06+00:00","dateModified":"2026-02-20T00:00:14+00:00","description":"Hemos recopilado una lista en desarrollo de los recursos de compostaje de nuestra comunidad para hablantes del espa\u00f1ol.","breadcrumb":{"@id":"https:\/\/ilsr.org\/composting\/recursos-para-compostaje\/#breadcrumb"},"inLanguage":"es","potentialAction":[{"@type":"ReadAction","target":["https:\/\/ilsr.org\/composting\/recursos-para-compostaje\/"]}]},{"@type":"BreadcrumbList","@id":"https:\/\/ilsr.org\/composting\/recursos-para-compostaje\/#breadcrumb","itemListElement":[{"@type":"ListItem","position":1,"name":"Composting for Community","item":"https:\/\/ilsr.org\/composting\/"},{"@type":"ListItem","position":2,"name":"Recursos Para Compostaje En Espa\u00f1ol"}]},{"@type":"WebSite","@id":"https:\/\/ilsr.org\/#website","url":"https:\/\/ilsr.org\/","name":"Instituto para la Autosuficiencia Local","description":"","publisher":{"@id":"https:\/\/ilsr.org\/#organization"},"potentialAction":[{"@type":"SearchAction","target":{"@type":"EntryPoint","urlTemplate":"https:\/\/ilsr.org\/?s={search_term_string}"},"query-input":{"@type":"PropertyValueSpecification","valueRequired":true,"valueName":"search_term_string"}}],"inLanguage":"es"},{"@type":"Organization","@id":"https:\/\/ilsr.org\/#organization","name":"Instituto para la Autosuficiencia Local","alternateName":"ILSR","url":"https:\/\/ilsr.org\/","logo":{"@type":"ImageObject","inLanguage":"es","@id":"https:\/\/ilsr.org\/#\/schema\/logo\/image\/","url":"https:\/\/ilsr.org\/wp-content\/uploads\/2025\/10\/ilsr_color.png","contentUrl":"https:\/\/ilsr.org\/wp-content\/uploads\/2025\/10\/ilsr_color.png","width":509,"height":290,"caption":"Institute for Local Self-Reliance"},"image":{"@id":"https:\/\/ilsr.org\/#\/schema\/logo\/image\/"},"sameAs":["https:\/\/www.facebook.com\/localselfreliance","https:\/\/www.linkedin.com\/company\/institute-for-local-self-reliance\/","https:\/\/www.instagram.com\/ilsr_org\/"]}]}},"_links":{"self":[{"href":"https:\/\/ilsr.org\/es\/wp-json\/wp\/v2\/pages\/18710","targetHints":{"allow":["GET"]}}],"collection":[{"href":"https:\/\/ilsr.org\/es\/wp-json\/wp\/v2\/pages"}],"about":[{"href":"https:\/\/ilsr.org\/es\/wp-json\/wp\/v2\/types\/page"}],"author":[{"embeddable":true,"href":"https:\/\/ilsr.org\/es\/wp-json\/wp\/v2\/users\/67"}],"replies":[{"embeddable":true,"href":"https:\/\/ilsr.org\/es\/wp-json\/wp\/v2\/comments?post=18710"}],"version-history":[{"count":1,"href":"https:\/\/ilsr.org\/es\/wp-json\/wp\/v2\/pages\/18710\/revisions"}],"predecessor-version":[{"id":29377,"href":"https:\/\/ilsr.org\/es\/wp-json\/wp\/v2\/pages\/18710\/revisions\/29377"}],"up":[{"embeddable":true,"href":"https:\/\/ilsr.org\/es\/wp-json\/wp\/v2\/pages\/18537"}],"wp:attachment":[{"href":"https:\/\/ilsr.org\/es\/wp-json\/wp\/v2\/media?parent=18710"}],"curies":[{"name":"wp","href":"https:\/\/api.w.org\/{rel}","templated":true}]}}