{"id":18601,"date":"2024-05-07T17:21:02","date_gmt":"2024-05-07T17:21:02","guid":{"rendered":"https:\/\/ilsr.org\/?page_id=18601"},"modified":"2025-10-09T15:29:41","modified_gmt":"2025-10-09T19:29:41","slug":"podcast-composting-for-community","status":"publish","type":"page","link":"https:\/\/ilsr.org\/es\/composting\/podcast-composting-for-community\/","title":{"rendered":"Podcast sobre compostaje para la comunidad"},"content":{"rendered":"","protected":false},"excerpt":{"rendered":"","protected":false},"author":67,"featured_media":0,"parent":18537,"menu_order":0,"comment_status":"closed","ping_status":"closed","template":"","meta":{"_acf_changed":false,"_relevanssi_hide_post":"","_relevanssi_hide_content":"","_relevanssi_pin_for_all":"","_relevanssi_pin_keywords":"","_relevanssi_unpin_keywords":"","_relevanssi_related_keywords":"","_relevanssi_related_include_ids":"","_relevanssi_related_exclude_ids":"","_relevanssi_related_no_append":"","_relevanssi_related_not_related":"","_relevanssi_related_posts":"","_relevanssi_noindex_reason":""},"class_list":["post-18601","page","type-page","status-publish","hentry"],"acf":{"details":{"description":"","background_color":"blue"},"sidebar":{"title":"\u00cdndice"},"page_layout":[{"acf_fc_layout":"layout_media_duo","_acfe_flexible_toggle":"","component_media_duo":{"align":"right","background":"white","image_size":"normal","image":21319,"title":"Historias desde el terreno y desde la tierra.","text":"Across the country, the community composting movement is growing! Local composting provides immediate opportunities for reducing waste, improving soil health, creating jobs, and fighting climate change.\r\n\r\nOn the Composting for Community Podcast, we bring you stories from the people doing this work on the ground and in the soil. Guests talk shop about their composting projects, and share their inspirations and lessons learned.\r\n\r\nFind us on <a href=\"https:\/\/podcasts.apple.com\/us\/podcast\/composting-for-community\/id1482294569\">Apple Podcasts,<\/a> <a href=\"https:\/\/www.stitcher.com\/podcast\/institute-for-local-selfreliance-3\/composting-for-community\">Stitcher,<\/a> or <a href=\"https:\/\/open.spotify.com\/show\/1de3hnuUTvDJUkfljQEZR2\">Spotify<\/a>","button":""}},{"acf_fc_layout":"layout_media_duo","_acfe_flexible_toggle":"","component_media_duo":{"align":"left","background":"white","image_size":"normal","image":26599,"title":"Destacado: El poder transformador de la tierra: reincorporaci\u00f3n ecol\u00f3gica a trav\u00e9s del compostaje con V\u00edctor P\u00e9rez y Carla Doughty.","text":"On the latest episode of the Composting for Community Podcast, awardees of last year\u2019s Mini-Grant Program, Victor Perez, compost educator at Garden Time, and Carla Doughty, Executive Director of Zero Waste Providence, discuss how Garden Time\u2019s Green Reentry Job Training has transformed the lives of those in the program. Tune in to hear about the value of programs like this for local economies and the importance of outreach and education tailored to the specific needs of the community.","button":{"title":"Tune In","url":"https:\/\/ilsr.org\/articles\/transformative-power-of-dirt\/","target":"_blank"}}},{"acf_fc_layout":"layout_feed","_acfe_flexible_toggle":"","component_feed":{"heading":"Previous Episodes","link":{"title":"See all composting podcasts","url":"https:\/\/ilsr.org\/resources-publications\/?article_type%5B%5D=34&initiatives%5B%5D=15","target":"_blank"},"manually_curate":true,"posts":[25453,21261,20751,18227],"select_post_types":["article"],"select_taxonomy_terms":["34","15"]}}]},"yoast_head":"<!-- This site is optimized with the Yoast SEO plugin v27.2 - https:\/\/yoast.com\/product\/yoast-seo-wordpress\/ -->\n<title>Composting for Community Podcast<\/title>\n<meta name=\"description\" content=\"On the Composting for Community Podcast, guests talk about their composting projects and share their inspirations and lessons learned.\" \/>\n<meta name=\"robots\" content=\"index, follow, max-snippet:-1, max-image-preview:large, max-video-preview:-1\" \/>\n<link rel=\"canonical\" href=\"https:\/\/ilsr.org\/es\/composting\/podcast-composting-for-community\/\" \/>\n<meta property=\"og:locale\" content=\"es_MX\" \/>\n<meta property=\"og:type\" content=\"article\" \/>\n<meta property=\"og:title\" content=\"Composting for Community Podcast\" \/>\n<meta property=\"og:description\" content=\"On the Composting for Community Podcast, guests talk about their composting projects and share their inspirations and lessons learned.\" \/>\n<meta property=\"og:url\" content=\"https:\/\/ilsr.org\/es\/composting\/podcast-composting-for-community\/\" \/>\n<meta property=\"og:site_name\" content=\"Institute for Local Self-Reliance\" \/>\n<meta property=\"article:publisher\" content=\"https:\/\/www.facebook.com\/localselfreliance\" \/>\n<meta property=\"article:modified_time\" content=\"2025-10-09T19:29:41+00:00\" \/>\n<meta property=\"og:image\" content=\"https:\/\/ilsr.org\/wp-content\/uploads\/2024\/05\/ILSR-share.png\" \/>\n\t<meta property=\"og:image:width\" content=\"1200\" \/>\n\t<meta property=\"og:image:height\" content=\"630\" \/>\n\t<meta property=\"og:image:type\" content=\"image\/png\" \/>\n<meta name=\"twitter:card\" content=\"summary_large_image\" \/>\n<meta name=\"twitter:label1\" content=\"Tiempo de lectura\" \/>\n\t<meta name=\"twitter:data1\" content=\"2 minutos\" \/>\n<script type=\"application\/ld+json\" class=\"yoast-schema-graph\">{\"@context\":\"https:\/\/schema.org\",\"@graph\":[{\"@type\":\"WebPage\",\"@id\":\"https:\/\/ilsr.org\/composting\/podcast-composting-for-community\/\",\"url\":\"https:\/\/ilsr.org\/composting\/podcast-composting-for-community\/\",\"name\":\"Composting for Community Podcast\",\"isPartOf\":{\"@id\":\"https:\/\/ilsr.org\/#website\"},\"datePublished\":\"2024-05-07T17:21:02+00:00\",\"dateModified\":\"2025-10-09T19:29:41+00:00\",\"description\":\"On the Composting for Community Podcast, guests talk about their composting projects and share their inspirations and lessons learned.\",\"breadcrumb\":{\"@id\":\"https:\/\/ilsr.org\/composting\/podcast-composting-for-community\/#breadcrumb\"},\"inLanguage\":\"es\",\"potentialAction\":[{\"@type\":\"ReadAction\",\"target\":[\"https:\/\/ilsr.org\/composting\/podcast-composting-for-community\/\"]}]},{\"@type\":\"BreadcrumbList\",\"@id\":\"https:\/\/ilsr.org\/composting\/podcast-composting-for-community\/#breadcrumb\",\"itemListElement\":[{\"@type\":\"ListItem\",\"position\":1,\"name\":\"Composting for Community\",\"item\":\"https:\/\/ilsr.org\/composting\/\"},{\"@type\":\"ListItem\",\"position\":2,\"name\":\"Composting for Community Podcast\"}]},{\"@type\":\"WebSite\",\"@id\":\"https:\/\/ilsr.org\/#website\",\"url\":\"https:\/\/ilsr.org\/\",\"name\":\"Institute for Local Self-Reliance\",\"description\":\"\",\"publisher\":{\"@id\":\"https:\/\/ilsr.org\/#organization\"},\"potentialAction\":[{\"@type\":\"SearchAction\",\"target\":{\"@type\":\"EntryPoint\",\"urlTemplate\":\"https:\/\/ilsr.org\/?s={search_term_string}\"},\"query-input\":{\"@type\":\"PropertyValueSpecification\",\"valueRequired\":true,\"valueName\":\"search_term_string\"}}],\"inLanguage\":\"es\"},{\"@type\":\"Organization\",\"@id\":\"https:\/\/ilsr.org\/#organization\",\"name\":\"Institute for Local Self-Reliance\",\"alternateName\":\"ILSR\",\"url\":\"https:\/\/ilsr.org\/\",\"logo\":{\"@type\":\"ImageObject\",\"inLanguage\":\"es\",\"@id\":\"https:\/\/ilsr.org\/#\/schema\/logo\/image\/\",\"url\":\"https:\/\/ilsr.org\/wp-content\/uploads\/2025\/10\/ilsr_color.png\",\"contentUrl\":\"https:\/\/ilsr.org\/wp-content\/uploads\/2025\/10\/ilsr_color.png\",\"width\":509,\"height\":290,\"caption\":\"Institute for Local Self-Reliance\"},\"image\":{\"@id\":\"https:\/\/ilsr.org\/#\/schema\/logo\/image\/\"},\"sameAs\":[\"https:\/\/www.facebook.com\/localselfreliance\",\"https:\/\/www.linkedin.com\/company\/institute-for-local-self-reliance\/\",\"https:\/\/www.instagram.com\/ilsr_org\/\"]}]}<\/script>\n<!-- \/ Yoast SEO plugin. -->","yoast_head_json":{"title":"Podcast sobre compostaje para la comunidad","description":"On the Composting for Community Podcast, guests talk about their composting projects and share their inspirations and lessons learned.","robots":{"index":"index","follow":"follow","max-snippet":"max-snippet:-1","max-image-preview":"max-image-preview:large","max-video-preview":"max-video-preview:-1"},"canonical":"https:\/\/ilsr.org\/es\/composting\/podcast-composting-for-community\/","og_locale":"es_MX","og_type":"article","og_title":"Composting for Community Podcast","og_description":"On the Composting for Community Podcast, guests talk about their composting projects and share their inspirations and lessons learned.","og_url":"https:\/\/ilsr.org\/es\/composting\/podcast-composting-for-community\/","og_site_name":"Institute for Local Self-Reliance","article_publisher":"https:\/\/www.facebook.com\/localselfreliance","article_modified_time":"2025-10-09T19:29:41+00:00","og_image":[{"width":1200,"height":630,"url":"https:\/\/ilsr.org\/wp-content\/uploads\/2024\/05\/ILSR-share.png","type":"image\/png"}],"twitter_card":"summary_large_image","twitter_misc":{"Tiempo de lectura":"2 minutos"},"schema":{"@context":"https:\/\/schema.org","@graph":[{"@type":"WebPage","@id":"https:\/\/ilsr.org\/composting\/podcast-composting-for-community\/","url":"https:\/\/ilsr.org\/composting\/podcast-composting-for-community\/","name":"Podcast sobre compostaje para la comunidad","isPartOf":{"@id":"https:\/\/ilsr.org\/#website"},"datePublished":"2024-05-07T17:21:02+00:00","dateModified":"2025-10-09T19:29:41+00:00","description":"On the Composting for Community Podcast, guests talk about their composting projects and share their inspirations and lessons learned.","breadcrumb":{"@id":"https:\/\/ilsr.org\/composting\/podcast-composting-for-community\/#breadcrumb"},"inLanguage":"es","potentialAction":[{"@type":"ReadAction","target":["https:\/\/ilsr.org\/composting\/podcast-composting-for-community\/"]}]},{"@type":"BreadcrumbList","@id":"https:\/\/ilsr.org\/composting\/podcast-composting-for-community\/#breadcrumb","itemListElement":[{"@type":"ListItem","position":1,"name":"Composting for Community","item":"https:\/\/ilsr.org\/composting\/"},{"@type":"ListItem","position":2,"name":"Composting for Community Podcast"}]},{"@type":"WebSite","@id":"https:\/\/ilsr.org\/#website","url":"https:\/\/ilsr.org\/","name":"Instituto para la Autosuficiencia Local","description":"","publisher":{"@id":"https:\/\/ilsr.org\/#organization"},"potentialAction":[{"@type":"SearchAction","target":{"@type":"EntryPoint","urlTemplate":"https:\/\/ilsr.org\/?s={search_term_string}"},"query-input":{"@type":"PropertyValueSpecification","valueRequired":true,"valueName":"search_term_string"}}],"inLanguage":"es"},{"@type":"Organization","@id":"https:\/\/ilsr.org\/#organization","name":"Instituto para la Autosuficiencia Local","alternateName":"ILSR","url":"https:\/\/ilsr.org\/","logo":{"@type":"ImageObject","inLanguage":"es","@id":"https:\/\/ilsr.org\/#\/schema\/logo\/image\/","url":"https:\/\/ilsr.org\/wp-content\/uploads\/2025\/10\/ilsr_color.png","contentUrl":"https:\/\/ilsr.org\/wp-content\/uploads\/2025\/10\/ilsr_color.png","width":509,"height":290,"caption":"Institute for Local Self-Reliance"},"image":{"@id":"https:\/\/ilsr.org\/#\/schema\/logo\/image\/"},"sameAs":["https:\/\/www.facebook.com\/localselfreliance","https:\/\/www.linkedin.com\/company\/institute-for-local-self-reliance\/","https:\/\/www.instagram.com\/ilsr_org\/"]}]}},"_links":{"self":[{"href":"https:\/\/ilsr.org\/es\/wp-json\/wp\/v2\/pages\/18601","targetHints":{"allow":["GET"]}}],"collection":[{"href":"https:\/\/ilsr.org\/es\/wp-json\/wp\/v2\/pages"}],"about":[{"href":"https:\/\/ilsr.org\/es\/wp-json\/wp\/v2\/types\/page"}],"author":[{"embeddable":true,"href":"https:\/\/ilsr.org\/es\/wp-json\/wp\/v2\/users\/67"}],"replies":[{"embeddable":true,"href":"https:\/\/ilsr.org\/es\/wp-json\/wp\/v2\/comments?post=18601"}],"version-history":[{"count":0,"href":"https:\/\/ilsr.org\/es\/wp-json\/wp\/v2\/pages\/18601\/revisions"}],"up":[{"embeddable":true,"href":"https:\/\/ilsr.org\/es\/wp-json\/wp\/v2\/pages\/18537"}],"wp:attachment":[{"href":"https:\/\/ilsr.org\/es\/wp-json\/wp\/v2\/media?parent=18601"}],"curies":[{"name":"wp","href":"https:\/\/api.w.org\/{rel}","templated":true}]}}