{"id":18570,"date":"2024-05-16T10:31:33","date_gmt":"2024-05-16T10:31:33","guid":{"rendered":"https:\/\/ilsr.org\/?page_id=18570"},"modified":"2025-10-09T15:28:10","modified_gmt":"2025-10-09T19:28:10","slug":"map","status":"publish","type":"page","link":"https:\/\/ilsr.org\/es\/composting\/map\/","title":{"rendered":"Mapa de compostaje para la comunidad"},"content":{"rendered":"","protected":false},"excerpt":{"rendered":"","protected":false},"author":67,"featured_media":0,"parent":18537,"menu_order":0,"comment_status":"closed","ping_status":"closed","template":"","meta":{"_acf_changed":false,"_relevanssi_hide_post":"","_relevanssi_hide_content":"","_relevanssi_pin_for_all":"","_relevanssi_pin_keywords":"","_relevanssi_unpin_keywords":"","_relevanssi_related_keywords":"","_relevanssi_related_include_ids":"","_relevanssi_related_exclude_ids":"","_relevanssi_related_no_append":"","_relevanssi_related_not_related":"","_relevanssi_related_posts":"","_relevanssi_noindex_reason":""},"class_list":["post-18570","page","type-page","status-publish","hentry"],"acf":{"details":{"description":"","background_color":"blue"},"sidebar":{"title":"\u00cdndice"},"page_layout":[{"acf_fc_layout":"layout_basic_html","_acfe_flexible_toggle":"","component_basic_html":{"heading":"","code":"<iframe style=\"border: 0; outline: 0;\" src=\"https:\/\/ilsr.org\/wp-content\/uploads\/communitycompostingmap\/index.html\" width=\"100%\" height=\"900\"><span data-mce-type=\"bookmark\" style=\"display: inline-block; width: 0px; overflow: hidden; line-height: 0;\" class=\"mce_SELRES_start\">\ufeff<\/span><\/iframe>","width":"medium"}},{"acf_fc_layout":"layout_wysiwyg","_acfe_flexible_toggle":"","component_wysiwyg":{"content":"<span style=\"font-weight: 400;\">\u00bfD\u00f3nde operan los compostadores comunitarios? \u00bfQu\u00e9 ciudades, condados y estados apoyan una infraestructura de compostaje distribuida a trav\u00e9s de sus pol\u00edticas y programas?<\/span>\r\n\r\n<span style=\"font-weight: 400;\">El mapa \u00abCompostaje para la comunidad\u00bb del ILSR ofrece una ilustraci\u00f3n interactiva de c\u00f3mo las comunidades buscan desarrollar la capacidad y las empresas de compostaje a nivel local, y c\u00f3mo los estados ayudan o dificultan el crecimiento de los programas locales. Despl\u00e1cese hacia abajo en la p\u00e1gina para ver una gu\u00eda del mapa.<\/span>\r\n\r\n<span style=\"font-weight: 400;\">Los compostadores a escala comunitaria desempe\u00f1an un papel integral y \u00fanico tanto en la industria del compostaje en general como en el movimiento alimentario sostenible. A menudo son innovadores sociales y emprendedores. Muchos recogen restos de comida con bicicletas. Otros emplean a j\u00f3venes y personas marginadas. Un n\u00famero cada vez mayor utiliza estructuras de propiedad cooperativa. Se encuentran en escuelas, universidades, huertos comunitarios, granjas y muchos otros lugares, tanto urbanos como rurales y suburbanos. Su caracter\u00edstica distintiva es mantener el proceso y el producto lo m\u00e1s locales posible, al tiempo que involucran a la comunidad a trav\u00e9s de la participaci\u00f3n y la educaci\u00f3n. <\/span><a href=\"https:\/\/ilsr.org\/es\/composting\/what-is-community-composting\/\"><span style=\"font-weight: 400;\">M\u00e1s informaci\u00f3n.<\/span><\/a>\r\n\r\n<span style=\"font-weight: 400;\">Para obtener informaci\u00f3n sobre nuestra coalici\u00f3n de compostaje comunitario, seminarios web, foros y otros recursos, visite: <\/span><a href=\"https:\/\/ilsr.org\/es\/composting\/community-composters\/\"><span style=\"font-weight: 400;\">https:\/\/ilsr.org\/composting\/community-composters\/<\/span><\/a><span style=\"font-weight: 400;\">.<\/span>\r\n<h2><b>C\u00f3mo utilizar el mapa<\/b><\/h2>\r\n<span style=\"font-weight: 400;\">El mapa proporciona marcadores para mostrar la actividad local y capas para resaltar las pol\u00edticas y programas estatales.<\/span> <span style=\"font-weight: 400;\">Los marcadores muestran:<\/span>\r\n<ul>\r\n \t<li style=\"font-weight: 400;\" aria-level=\"1\"><span style=\"font-weight: 400;\">Ubicaciones de <\/span><b>Compostadores comunitarios<\/b><span style=\"font-weight: 400;\">, y<\/span><\/li>\r\n \t<li style=\"font-weight: 400;\" aria-level=\"1\"><b>Pol\u00edticas y programas locales<\/b><span style=\"font-weight: 400;\"> que apoyan el compostaje comunitario.<\/span><\/li>\r\n<\/ul>\r\n&nbsp;\r\n\r\n<span style=\"font-weight: 400;\">Las capas muestran <\/span><b>Pol\u00edticas y programas estatales.<\/b>\r\n<h3><b>Compostadores comunitarios<\/b><\/h3>\r\n<span style=\"font-weight: 400;\">Los compostadores comunitarios tambi\u00e9n se muestran por tipo de operaci\u00f3n:<\/span>\r\n<ul>\r\n \t<li style=\"font-weight: 400;\" aria-level=\"1\"><b>Compostador comunitario: <\/b><span style=\"font-weight: 400;\">Incluye todos los compostadores comunitarios en el mapa.<\/span><\/li>\r\n \t<li style=\"font-weight: 400;\" aria-level=\"1\"><b>Huertos comunitarios:<\/b><span style=\"font-weight: 400;\"> Huertos que involucran a la comunidad circundante en sus operaciones y, a menudo, permiten a los miembros de la comunidad dejar sus restos de comida para hacer compost. El compost se utiliza in situ.<\/span><\/li>\r\n \t<li style=\"font-weight: 400;\" aria-level=\"1\"><b>Escuelas de educaci\u00f3n primaria y secundaria:<\/b><span style=\"font-weight: 400;\"> Las escuelas compostan los restos de comida en sus instalaciones e involucran a los estudiantes de alguna manera (pr\u00f3ximamente).<\/span><\/li>\r\n \t<li style=\"font-weight: 400;\" aria-level=\"1\"><b>Transportistas de bicicletas: <\/b><span style=\"font-weight: 400;\">Empresas que recogen restos de comida a nivel local en bicicleta.<\/span><\/li>\r\n \t<li style=\"font-weight: 400;\" aria-level=\"1\"><b>Otros microtransportistas: <\/b><span style=\"font-weight: 400;\">Otras operaciones a peque\u00f1a escala que recogen restos de comida a nivel local.<\/span><\/li>\r\n \t<li style=\"font-weight: 400;\" aria-level=\"1\"><b>Granjas urbanas:<\/b><span style=\"font-weight: 400;\"> Granjas en zonas urbanas que aceptan restos de comida de su comunidad local para hacer compost.<\/span><\/li>\r\n \t<li style=\"font-weight: 400;\" aria-level=\"1\"><b>Cooperativas: <\/b><span style=\"font-weight: 400;\">Empresas de compostaje propiedad de los trabajadores y gestionadas por ellos.<\/span><\/li>\r\n<\/ul>\r\n<h3><b>Pol\u00edticas y programas locales<\/b><\/h3>\r\n<span style=\"font-weight: 400;\">Los marcadores \u201cPol\u00edticas y programas locales\u201d destacan las ciudades y los condados que apoyan de alguna manera el trabajo de compostaje local: (por ejemplo, incentivos para el compostaje dom\u00e9stico, normativa urban\u00edstica, contratos y requisitos para estudiar sistemas distribuidos).<\/span>\r\n<ul>\r\n \t<li style=\"font-weight: 400;\" aria-level=\"1\"><b>Pol\u00edticas de zonificaci\u00f3n:<\/b><span style=\"font-weight: 400;\"> Permitir las actividades comunitarias y otras actividades locales de compostaje en los c\u00f3digos de zonificaci\u00f3n.<\/span><\/li>\r\n \t<li style=\"font-weight: 400;\" aria-level=\"1\"><b>Hechos:<\/b><span style=\"font-weight: 400;\"> Legislaci\u00f3n para apoyar el compostaje local.\u00a0\u00a0<\/span><\/li>\r\n \t<li style=\"font-weight: 400;\" aria-level=\"1\"><b>Pol\u00edticas contractuales:<\/b><span style=\"font-weight: 400;\"> Los gobiernos locales apoyan a los compostadores comunitarios contrat\u00e1ndolos para recoger los restos de comida.<\/span><\/li>\r\n \t<li style=\"font-weight: 400;\" aria-level=\"1\"><b>Incentivos:<\/b><span style=\"font-weight: 400;\"> Apoyar el compostaje local mediante la creaci\u00f3n de incentivos por parte del gobierno local para que los residentes participen en el compostaje.<\/span><\/li>\r\n \t<li style=\"font-weight: 400;\" aria-level=\"1\"><b>Recargos por eliminaci\u00f3n Fondo de compostaje <\/b><span style=\"font-weight: 400;\">y otros proyectos de desviaci\u00f3n de residuos alimentarios, que cumplen los requisitos de los programas locales de subvenciones para construir infraestructuras y apoyar proyectos de desviaci\u00f3n de residuos. Estas pol\u00edticas apoyan, entre otros, los proyectos a peque\u00f1a escala.<\/span><\/li>\r\n<\/ul>\r\n<h3><b>Pol\u00edticas y programas estatales<\/b><\/h3>\r\n<span style=\"font-weight: 400;\">Las capas incluyen diversas pol\u00edticas estatales que afectan al compostaje local o promueven una infraestructura distribuida. Entre esas pol\u00edticas se incluyen:<\/span>\r\n<ul>\r\n \t<li style=\"font-weight: 400;\" aria-level=\"1\"><b>Exenciones para permisos de sitios de compostaje: <\/b><span style=\"font-weight: 400;\">Normativa estatal sobre permisos para plantas de compostaje que exime a las plantas de peque\u00f1a escala de la obligaci\u00f3n de obtener un permiso si se cumplen determinadas condiciones.<\/span><\/li>\r\n \t<li style=\"font-weight: 400;\" aria-level=\"1\"><b>Requisitos para considerar una infraestructura descentralizada<\/b><span style=\"font-weight: 400;\"> para el compostaje. Estas leyes a menudo no tienen mucho peso, pero exigen a las agencias y a las partes interesadas que consideren el compostaje dom\u00e9stico, el compostaje a escala comunitaria, el compostaje in situ, el compostaje en granjas y otros aspectos de un sistema distribuido.\u00a0\u00a0<\/span><\/li>\r\n \t<li style=\"font-weight: 400;\" aria-level=\"1\"><b>Prohibici\u00f3n de tirar residuos alimenticios<\/b><span style=\"font-weight: 400;\"> Exigir a los generadores de residuos alimentarios que desv\u00eden sus residuos alimentarios del vertido bajo ciertos par\u00e1metros o prohibir el vertido de residuos alimentarios.\u00a0\u00a0<\/span><\/li>\r\n \t<li style=\"font-weight: 400;\" aria-level=\"1\"><b>Modelo de lenguaje de zonificaci\u00f3n<\/b><span style=\"font-weight: 400;\"> que el gobierno local podr\u00eda implementar (y que tambi\u00e9n servir\u00eda de ejemplo para otros estados).<\/span><\/li>\r\n \t<li style=\"font-weight: 400;\" aria-level=\"1\"><b>Recargos por eliminaci\u00f3n Fondo de compostaje<\/b><span style=\"font-weight: 400;\"> y otros proyectos de desviaci\u00f3n de residuos alimentarios, que cumplen los requisitos de los programas de subvenciones estatales para construir infraestructuras y apoyar proyectos de desviaci\u00f3n de residuos. Estas pol\u00edticas apoyan, entre otros, los proyectos a peque\u00f1a escala.<\/span><\/li>\r\n<\/ul>\r\n<h2><b>\u00a1Ay\u00fadenos a mejorar el mapa!<\/b><\/h2>\r\n<span style=\"font-weight: 400;\">Rellene <\/span><a href=\"https:\/\/forms.gle\/uSigUNce7QRaDt3x9\"><span style=\"font-weight: 400;\">este formulario<\/span><\/a><span style=\"font-weight: 400;\"> para informarnos sobre cualquier compostador comunitario que hayamos pasado por alto, y cont\u00e1ctenos en Composting4Community@ilsr.org para informarnos sobre cualquier pol\u00edtica estatal o local.<\/span>","":null,"settings":""}}]},"yoast_head":"<!-- This site is optimized with the Yoast SEO plugin v27.2 - https:\/\/yoast.com\/product\/yoast-seo-wordpress\/ -->\n<title>Composting for Community Map<\/title>\n<meta name=\"description\" content=\"The Composting for Community Map shows the locations of community composters along with policies and programs that support local composting.\" \/>\n<meta name=\"robots\" content=\"index, follow, max-snippet:-1, max-image-preview:large, max-video-preview:-1\" \/>\n<link rel=\"canonical\" href=\"https:\/\/ilsr.org\/es\/composting\/map\/\" \/>\n<meta property=\"og:locale\" content=\"es_MX\" \/>\n<meta property=\"og:type\" content=\"article\" \/>\n<meta property=\"og:title\" content=\"Composting for Community Map\" \/>\n<meta property=\"og:description\" content=\"The Composting for Community Map shows the locations of community composters along with policies and programs that support local composting.\" \/>\n<meta property=\"og:url\" content=\"https:\/\/ilsr.org\/es\/composting\/map\/\" \/>\n<meta property=\"og:site_name\" content=\"Institute for Local Self-Reliance\" \/>\n<meta property=\"article:publisher\" content=\"https:\/\/www.facebook.com\/localselfreliance\" \/>\n<meta property=\"article:modified_time\" content=\"2025-10-09T19:28:10+00:00\" \/>\n<meta property=\"og:image\" content=\"https:\/\/ilsr.org\/wp-content\/uploads\/2024\/05\/ILSR-share.png\" \/>\n\t<meta property=\"og:image:width\" content=\"1200\" \/>\n\t<meta property=\"og:image:height\" content=\"630\" \/>\n\t<meta property=\"og:image:type\" content=\"image\/png\" \/>\n<meta name=\"twitter:card\" content=\"summary_large_image\" \/>\n<meta name=\"twitter:label1\" content=\"Tiempo de lectura\" \/>\n\t<meta name=\"twitter:data1\" content=\"3 minutos\" \/>\n<script type=\"application\/ld+json\" class=\"yoast-schema-graph\">{\"@context\":\"https:\/\/schema.org\",\"@graph\":[{\"@type\":\"WebPage\",\"@id\":\"https:\/\/ilsr.org\/composting\/map\/\",\"url\":\"https:\/\/ilsr.org\/composting\/map\/\",\"name\":\"Composting for Community Map\",\"isPartOf\":{\"@id\":\"https:\/\/ilsr.org\/#website\"},\"datePublished\":\"2024-05-16T10:31:33+00:00\",\"dateModified\":\"2025-10-09T19:28:10+00:00\",\"description\":\"The Composting for Community Map shows the locations of community composters along with policies and programs that support local composting.\",\"breadcrumb\":{\"@id\":\"https:\/\/ilsr.org\/composting\/map\/#breadcrumb\"},\"inLanguage\":\"es\",\"potentialAction\":[{\"@type\":\"ReadAction\",\"target\":[\"https:\/\/ilsr.org\/composting\/map\/\"]}]},{\"@type\":\"BreadcrumbList\",\"@id\":\"https:\/\/ilsr.org\/composting\/map\/#breadcrumb\",\"itemListElement\":[{\"@type\":\"ListItem\",\"position\":1,\"name\":\"Composting for Community\",\"item\":\"https:\/\/ilsr.org\/composting\/\"},{\"@type\":\"ListItem\",\"position\":2,\"name\":\"Composting for Community Map\"}]},{\"@type\":\"WebSite\",\"@id\":\"https:\/\/ilsr.org\/#website\",\"url\":\"https:\/\/ilsr.org\/\",\"name\":\"Institute for Local Self-Reliance\",\"description\":\"\",\"publisher\":{\"@id\":\"https:\/\/ilsr.org\/#organization\"},\"potentialAction\":[{\"@type\":\"SearchAction\",\"target\":{\"@type\":\"EntryPoint\",\"urlTemplate\":\"https:\/\/ilsr.org\/?s={search_term_string}\"},\"query-input\":{\"@type\":\"PropertyValueSpecification\",\"valueRequired\":true,\"valueName\":\"search_term_string\"}}],\"inLanguage\":\"es\"},{\"@type\":\"Organization\",\"@id\":\"https:\/\/ilsr.org\/#organization\",\"name\":\"Institute for Local Self-Reliance\",\"alternateName\":\"ILSR\",\"url\":\"https:\/\/ilsr.org\/\",\"logo\":{\"@type\":\"ImageObject\",\"inLanguage\":\"es\",\"@id\":\"https:\/\/ilsr.org\/#\/schema\/logo\/image\/\",\"url\":\"https:\/\/ilsr.org\/wp-content\/uploads\/2025\/10\/ilsr_color.png\",\"contentUrl\":\"https:\/\/ilsr.org\/wp-content\/uploads\/2025\/10\/ilsr_color.png\",\"width\":509,\"height\":290,\"caption\":\"Institute for Local Self-Reliance\"},\"image\":{\"@id\":\"https:\/\/ilsr.org\/#\/schema\/logo\/image\/\"},\"sameAs\":[\"https:\/\/www.facebook.com\/localselfreliance\",\"https:\/\/www.linkedin.com\/company\/institute-for-local-self-reliance\/\",\"https:\/\/www.instagram.com\/ilsr_org\/\"]}]}<\/script>\n<!-- \/ Yoast SEO plugin. -->","yoast_head_json":{"title":"Mapa de compostaje para la comunidad","description":"The Composting for Community Map shows the locations of community composters along with policies and programs that support local composting.","robots":{"index":"index","follow":"follow","max-snippet":"max-snippet:-1","max-image-preview":"max-image-preview:large","max-video-preview":"max-video-preview:-1"},"canonical":"https:\/\/ilsr.org\/es\/composting\/map\/","og_locale":"es_MX","og_type":"article","og_title":"Composting for Community Map","og_description":"The Composting for Community Map shows the locations of community composters along with policies and programs that support local composting.","og_url":"https:\/\/ilsr.org\/es\/composting\/map\/","og_site_name":"Institute for Local Self-Reliance","article_publisher":"https:\/\/www.facebook.com\/localselfreliance","article_modified_time":"2025-10-09T19:28:10+00:00","og_image":[{"width":1200,"height":630,"url":"https:\/\/ilsr.org\/wp-content\/uploads\/2024\/05\/ILSR-share.png","type":"image\/png"}],"twitter_card":"summary_large_image","twitter_misc":{"Tiempo de lectura":"3 minutos"},"schema":{"@context":"https:\/\/schema.org","@graph":[{"@type":"WebPage","@id":"https:\/\/ilsr.org\/composting\/map\/","url":"https:\/\/ilsr.org\/composting\/map\/","name":"Mapa de compostaje para la comunidad","isPartOf":{"@id":"https:\/\/ilsr.org\/#website"},"datePublished":"2024-05-16T10:31:33+00:00","dateModified":"2025-10-09T19:28:10+00:00","description":"The Composting for Community Map shows the locations of community composters along with policies and programs that support local composting.","breadcrumb":{"@id":"https:\/\/ilsr.org\/composting\/map\/#breadcrumb"},"inLanguage":"es","potentialAction":[{"@type":"ReadAction","target":["https:\/\/ilsr.org\/composting\/map\/"]}]},{"@type":"BreadcrumbList","@id":"https:\/\/ilsr.org\/composting\/map\/#breadcrumb","itemListElement":[{"@type":"ListItem","position":1,"name":"Composting for Community","item":"https:\/\/ilsr.org\/composting\/"},{"@type":"ListItem","position":2,"name":"Composting for Community Map"}]},{"@type":"WebSite","@id":"https:\/\/ilsr.org\/#website","url":"https:\/\/ilsr.org\/","name":"Instituto para la Autosuficiencia Local","description":"","publisher":{"@id":"https:\/\/ilsr.org\/#organization"},"potentialAction":[{"@type":"SearchAction","target":{"@type":"EntryPoint","urlTemplate":"https:\/\/ilsr.org\/?s={search_term_string}"},"query-input":{"@type":"PropertyValueSpecification","valueRequired":true,"valueName":"search_term_string"}}],"inLanguage":"es"},{"@type":"Organization","@id":"https:\/\/ilsr.org\/#organization","name":"Instituto para la Autosuficiencia Local","alternateName":"ILSR","url":"https:\/\/ilsr.org\/","logo":{"@type":"ImageObject","inLanguage":"es","@id":"https:\/\/ilsr.org\/#\/schema\/logo\/image\/","url":"https:\/\/ilsr.org\/wp-content\/uploads\/2025\/10\/ilsr_color.png","contentUrl":"https:\/\/ilsr.org\/wp-content\/uploads\/2025\/10\/ilsr_color.png","width":509,"height":290,"caption":"Institute for Local Self-Reliance"},"image":{"@id":"https:\/\/ilsr.org\/#\/schema\/logo\/image\/"},"sameAs":["https:\/\/www.facebook.com\/localselfreliance","https:\/\/www.linkedin.com\/company\/institute-for-local-self-reliance\/","https:\/\/www.instagram.com\/ilsr_org\/"]}]}},"_links":{"self":[{"href":"https:\/\/ilsr.org\/es\/wp-json\/wp\/v2\/pages\/18570","targetHints":{"allow":["GET"]}}],"collection":[{"href":"https:\/\/ilsr.org\/es\/wp-json\/wp\/v2\/pages"}],"about":[{"href":"https:\/\/ilsr.org\/es\/wp-json\/wp\/v2\/types\/page"}],"author":[{"embeddable":true,"href":"https:\/\/ilsr.org\/es\/wp-json\/wp\/v2\/users\/67"}],"replies":[{"embeddable":true,"href":"https:\/\/ilsr.org\/es\/wp-json\/wp\/v2\/comments?post=18570"}],"version-history":[{"count":0,"href":"https:\/\/ilsr.org\/es\/wp-json\/wp\/v2\/pages\/18570\/revisions"}],"up":[{"embeddable":true,"href":"https:\/\/ilsr.org\/es\/wp-json\/wp\/v2\/pages\/18537"}],"wp:attachment":[{"href":"https:\/\/ilsr.org\/es\/wp-json\/wp\/v2\/media?parent=18570"}],"curies":[{"name":"wp","href":"https:\/\/api.w.org\/{rel}","templated":true}]}}