{"id":18525,"date":"2024-05-08T11:52:26","date_gmt":"2024-05-08T11:52:26","guid":{"rendered":"https:\/\/ilsr.org\/?page_id=18525"},"modified":"2025-10-09T15:25:26","modified_gmt":"2025-10-09T19:25:26","slug":"online-certificate-course","status":"publish","type":"page","link":"https:\/\/ilsr.org\/es\/composting\/online-certificate-course\/","title":{"rendered":"Curso en l\u00ednea con certificado \u00abCompostaje comunitario 101\u00bb"},"content":{"rendered":"","protected":false},"excerpt":{"rendered":"","protected":false},"author":67,"featured_media":0,"parent":18537,"menu_order":0,"comment_status":"closed","ping_status":"closed","template":"","meta":{"_acf_changed":false,"_relevanssi_hide_post":"","_relevanssi_hide_content":"","_relevanssi_pin_for_all":"","_relevanssi_pin_keywords":"","_relevanssi_unpin_keywords":"","_relevanssi_related_keywords":"","_relevanssi_related_include_ids":"","_relevanssi_related_exclude_ids":"","_relevanssi_related_no_append":"","_relevanssi_related_not_related":"","_relevanssi_related_posts":"","_relevanssi_noindex_reason":""},"class_list":["post-18525","page","type-page","status-publish","hentry"],"acf":{"details":{"description":"","background_color":"tan"},"sidebar":{"title":"\u00cdndice"},"page_layout":[{"acf_fc_layout":"layout_anchor","_acfe_flexible_toggle":"","component_anchor":{"title":"Descripci\u00f3n del curso"}},{"acf_fc_layout":"layout_wysiwyg","_acfe_flexible_toggle":"","component_wysiwyg":{"content":"<h2><b>Descripci\u00f3n del curso<\/b><\/h2>\r\n<span style=\"font-weight: 400;\">\u00bfQuieres iniciar un proyecto de compostaje comunitario, pero no sabes por d\u00f3nde empezar? \u00bfParticipas en una iniciativa de compostaje comunitario ya existente, pero necesitas repasar las mejores pr\u00e1cticas para involucrar a la gente en tu proyecto? \u00bfNecesitas capacitar a tu personal o a los socios del proyecto en los fundamentos del compostaje en caliente? \u00a1Este curso es para ti!<\/span>\r\n\r\n<span style=\"font-weight: 400;\">Desarrollado por ILSR en el marco de su <\/span><a href=\"https:\/\/ilsr.org\/neighborhood-soil-rebuilders\/\"><span style=\"font-weight: 400;\">Programa de capacitaci\u00f3n sobre compostaje de Neighborhood Soil Rebuilders<\/span><\/a><span style=\"font-weight: 400;\">, Community Composting 101 ofrece una visi\u00f3n general de la importancia y la ciencia que hay detr\u00e1s del compostaje, y recomienda las mejores pr\u00e1cticas para implementar programas comunitarios. Incluye una introducci\u00f3n y siete m\u00f3dulos de capacitaci\u00f3n en formato de video, que abarcan los siguientes temas:<\/span>\r\n<ul>\r\n \t<li style=\"font-weight: 400;\" aria-level=\"1\"><span style=\"font-weight: 400;\">M\u00f3dulo 1: Qu\u00e9 es y por qu\u00e9 se hace el compostaje<\/span><\/li>\r\n \t<li style=\"font-weight: 400;\" aria-level=\"1\"><span style=\"font-weight: 400;\">M\u00f3dulo 2: Sistemas de compostaje y el papel del compostaje comunitario<\/span><\/li>\r\n \t<li style=\"font-weight: 400;\" aria-level=\"1\"><span style=\"font-weight: 400;\">M\u00f3dulo 3: Fundamentos del compostaje y desarrollo de recetas<\/span><\/li>\r\n \t<li style=\"font-weight: 400;\" aria-level=\"1\"><span style=\"font-weight: 400;\">M\u00f3dulo 4: C\u00f3mo hacer una pila de compost\u00a0<\/span><\/li>\r\n \t<li style=\"font-weight: 400;\" aria-level=\"1\"><span style=\"font-weight: 400;\">M\u00f3dulo 5: Gesti\u00f3n del proceso de compostaje<\/span><\/li>\r\n \t<li style=\"font-weight: 400;\" aria-level=\"1\"><span style=\"font-weight: 400;\">M\u00f3dulo 6: Dise\u00f1o y gesti\u00f3n del sitio<\/span><\/li>\r\n \t<li style=\"font-weight: 400;\" aria-level=\"1\"><span style=\"font-weight: 400;\">M\u00f3dulo 7: Primeros pasos e implicaci\u00f3n de la comunidad\u00a0\u00a0<\/span><\/li>\r\n<\/ul>\r\n<span style=\"font-weight: 400;\">Cada m\u00f3dulo tiene una duraci\u00f3n de entre 25 y 35 minutos, con una duraci\u00f3n total del curso de aproximadamente 3,5 horas. Cada m\u00f3dulo va seguido de una evaluaci\u00f3n de conocimientos de 5 preguntas, que deber\u00e1 aprobar para poder pasar a la siguiente secci\u00f3n. Para obtener el certificado de finalizaci\u00f3n, deber\u00e1 ver todos los m\u00f3dulos en formato de v\u00eddeo, aprobar todas las evaluaciones de conocimientos correspondientes y obtener una puntuaci\u00f3n de 80% en el examen final.\u00a0<\/span>\r\n\r\n<span style=\"font-weight: 400;\">Nos hemos asociado con el <\/span><a href=\"https:\/\/www.southface.org\/\"><span style=\"font-weight: 400;\">Instituto Southface<\/span><\/a><span style=\"font-weight: 400;\"> para impartir nuestro curso en l\u00ednea certificado \u00abCompostaje comunitario 101\u00bb. La inscripci\u00f3n en este curso proporciona acceso al sistema virtual de gesti\u00f3n del aprendizaje de Southface, a los m\u00f3dulos de formaci\u00f3n en v\u00eddeo \u00abCompostaje comunitario 101\u00bb, a una lista de recursos complementarios y a un glosario de terminolog\u00eda relevante.\u00a0<\/span>","":null,"settings":""}},{"acf_fc_layout":"layout_media_duo","_acfe_flexible_toggle":"","component_media_duo":{"align":"left","background":"white","image_size":"normal","image":18531,"title":"Inscr\u00edbase hoy mismo","text":"This course provides a solid foundation for further hands-on composting training, such as our <a href=\"https:\/\/ilsr.org\/neighborhood-soil-rebuilders-learn-more\/\">NSR Master Composter Program<\/a>.","button":{"title":"Begin Enrollment","url":"https:\/\/docs.google.com\/forms\/d\/e\/1FAIpQLSfz6HFXUDJu4NyGa92UP2K3zlhzm7HCNY8M04gLmr5n8YknWA\/viewform","target":"_blank"}}},{"acf_fc_layout":"layout_anchor","_acfe_flexible_toggle":"","component_anchor":{"title":"Objetivos del curso"}},{"acf_fc_layout":"layout_wysiwyg","_acfe_flexible_toggle":"","component_wysiwyg":{"content":"<h2><b>Objetivos del curso<\/b><\/h2>\r\n<span style=\"font-weight: 400;\">Al completar los m\u00f3dulos, las tareas y las evaluaciones, los participantes ser\u00e1n capaces de:<\/span>\r\n<ul>\r\n \t<li style=\"font-weight: 400;\" aria-level=\"1\"><span style=\"font-weight: 400;\">Defina \u00abcompost\u00bb y \u00abcompostaje\u00bb.<\/span><\/li>\r\n \t<li style=\"font-weight: 400;\" aria-level=\"1\"><span style=\"font-weight: 400;\">Identificar las formas en que el compost puede beneficiar al suelo, las plantas, los cursos de agua y el clima.<\/span><\/li>\r\n \t<li style=\"font-weight: 400;\" aria-level=\"1\"><span style=\"font-weight: 400;\">Explique los posibles beneficios del compostaje comunitario.<\/span><\/li>\r\n \t<li style=\"font-weight: 400;\" aria-level=\"1\"><span style=\"font-weight: 400;\">Demostrar que entiendes los principios cient\u00edficos b\u00e1sicos del compostaje y c\u00f3mo se aplican esos principios en la pr\u00e1ctica.<\/span><\/li>\r\n \t<li style=\"font-weight: 400;\" aria-level=\"1\"><span style=\"font-weight: 400;\">Comprender las mejores pr\u00e1cticas de gesti\u00f3n para el compostaje a escala comunitaria y c\u00f3mo implementarlas.<\/span><\/li>\r\n \t<li style=\"font-weight: 400;\" aria-level=\"1\"><span style=\"font-weight: 400;\">Dise\u00f1ar su propia iniciativa de compostaje comunitario adaptada a las necesidades de su comunidad.<\/span><\/li>\r\n<\/ul>","":null,"settings":""}},{"acf_fc_layout":"layout_anchor","_acfe_flexible_toggle":"","component_anchor":{"title":"\u00bfA qui\u00e9n va dirigido este curso?"}},{"acf_fc_layout":"layout_wysiwyg","_acfe_flexible_toggle":"","component_wysiwyg":{"content":"<h2><b>\u00bfA qui\u00e9n va dirigido este curso?<\/b><\/h2>\r\n<ul>\r\n \t<li style=\"font-weight: 400;\" aria-level=\"1\"><span style=\"font-weight: 400;\">Cualquier persona interesada en iniciar o apoyar una iniciativa de compostaje comunitario.<\/span><\/li>\r\n \t<li style=\"font-weight: 400;\" aria-level=\"1\"><span style=\"font-weight: 400;\">Cualquier persona que participe en una iniciativa comunitaria de compostaje ya existente.<\/span><\/li>\r\n<\/ul>\r\n<span style=\"font-weight: 400;\">No es necesario tener experiencia previa en compostaje, pero s\u00ed es necesario tener acceso a una computadora.\u00a0<\/span>\r\n\r\n<i><span style=\"font-weight: 400;\">Nota: este curso se centra en el compostaje en caliente o term\u00f3filo, no en el vermicompostaje (compostaje con lombrices). Sin embargo, la informaci\u00f3n sobre los beneficios del compostaje y los antecedentes sobre el compostaje comunitario ser\u00e1n relevantes independientemente del sistema de compostaje que se utilice.<\/span><\/i>","":null,"settings":""}},{"acf_fc_layout":"layout_anchor","_acfe_flexible_toggle":"","component_anchor":{"title":"Costo e inscripci\u00f3n"}},{"acf_fc_layout":"layout_wysiwyg","_acfe_flexible_toggle":"","component_wysiwyg":{"content":"<h2><b>Costo e inscripci\u00f3n<\/b><\/h2>\r\n<span style=\"font-weight: 400;\">El costo de inscripci\u00f3n es de $100 por persona. Hay descuentos por volumen y becas individuales disponibles. Nos comprometemos a hacer que nuestros recursos sean accesibles para quienes los necesitan, incluidas las comunidades hist\u00f3ricamente marginadas, de primera l\u00ednea y BIPOC.<\/span>\r\n\r\n<span style=\"font-weight: 400;\">\u00a1Re\u00fane a un amigo (o cinco) y ap\u00fantate con ellos! Hay descuentos por volumen disponibles para grupos en los siguientes niveles:<\/span>\r\n<ul>\r\n \t<li style=\"font-weight: 400;\" aria-level=\"1\"><span style=\"font-weight: 400;\">$75 por inscripci\u00f3n para 2-4 personas que se inscriban juntas.<\/span><\/li>\r\n \t<li style=\"font-weight: 400;\" aria-level=\"1\"><span style=\"font-weight: 400;\">$50 por inscripci\u00f3n para 5 o m\u00e1s personas que se inscriban juntas.<\/span><\/li>\r\n<\/ul>","":null,"settings":""}}]},"yoast_head":"<!-- This site is optimized with the Yoast SEO plugin v27.2 - https:\/\/yoast.com\/product\/yoast-seo-wordpress\/ -->\n<title>Community Composting 101 Online Certificate Course<\/title>\n<meta name=\"description\" content=\"Community Composting 101 is an online course that provides an overview of the importance and science of composting as well as best practices.\" \/>\n<meta name=\"robots\" content=\"index, follow, max-snippet:-1, max-image-preview:large, max-video-preview:-1\" \/>\n<link rel=\"canonical\" href=\"https:\/\/ilsr.org\/es\/composting\/online-certificate-course\/\" \/>\n<meta property=\"og:locale\" content=\"es_MX\" \/>\n<meta property=\"og:type\" content=\"article\" \/>\n<meta property=\"og:title\" content=\"Community Composting 101 Online Certificate Course\" \/>\n<meta property=\"og:description\" content=\"Community Composting 101 is an online course that provides an overview of the importance and science of composting as well as best practices.\" \/>\n<meta property=\"og:url\" content=\"https:\/\/ilsr.org\/es\/composting\/online-certificate-course\/\" \/>\n<meta property=\"og:site_name\" content=\"Institute for Local Self-Reliance\" \/>\n<meta property=\"article:publisher\" content=\"https:\/\/www.facebook.com\/localselfreliance\" \/>\n<meta property=\"article:modified_time\" content=\"2025-10-09T19:25:26+00:00\" \/>\n<meta property=\"og:image\" content=\"https:\/\/ilsr.org\/wp-content\/uploads\/2024\/05\/ILSR-share.png\" \/>\n\t<meta property=\"og:image:width\" content=\"1200\" \/>\n\t<meta property=\"og:image:height\" content=\"630\" \/>\n\t<meta property=\"og:image:type\" content=\"image\/png\" \/>\n<meta name=\"twitter:card\" content=\"summary_large_image\" \/>\n<meta name=\"twitter:label1\" content=\"Tiempo de lectura\" \/>\n\t<meta name=\"twitter:data1\" content=\"3 minutos\" \/>\n<script type=\"application\/ld+json\" class=\"yoast-schema-graph\">{\"@context\":\"https:\/\/schema.org\",\"@graph\":[{\"@type\":\"WebPage\",\"@id\":\"https:\/\/ilsr.org\/composting\/online-certificate-course\/\",\"url\":\"https:\/\/ilsr.org\/composting\/online-certificate-course\/\",\"name\":\"Community Composting 101 Online Certificate Course\",\"isPartOf\":{\"@id\":\"https:\/\/ilsr.org\/#website\"},\"datePublished\":\"2024-05-08T11:52:26+00:00\",\"dateModified\":\"2025-10-09T19:25:26+00:00\",\"description\":\"Community Composting 101 is an online course that provides an overview of the importance and science of composting as well as best practices.\",\"breadcrumb\":{\"@id\":\"https:\/\/ilsr.org\/composting\/online-certificate-course\/#breadcrumb\"},\"inLanguage\":\"es\",\"potentialAction\":[{\"@type\":\"ReadAction\",\"target\":[\"https:\/\/ilsr.org\/composting\/online-certificate-course\/\"]}]},{\"@type\":\"BreadcrumbList\",\"@id\":\"https:\/\/ilsr.org\/composting\/online-certificate-course\/#breadcrumb\",\"itemListElement\":[{\"@type\":\"ListItem\",\"position\":1,\"name\":\"Composting for Community\",\"item\":\"https:\/\/ilsr.org\/composting\/\"},{\"@type\":\"ListItem\",\"position\":2,\"name\":\"Community Composting 101 Online Certificate Course\"}]},{\"@type\":\"WebSite\",\"@id\":\"https:\/\/ilsr.org\/#website\",\"url\":\"https:\/\/ilsr.org\/\",\"name\":\"Institute for Local Self-Reliance\",\"description\":\"\",\"publisher\":{\"@id\":\"https:\/\/ilsr.org\/#organization\"},\"potentialAction\":[{\"@type\":\"SearchAction\",\"target\":{\"@type\":\"EntryPoint\",\"urlTemplate\":\"https:\/\/ilsr.org\/?s={search_term_string}\"},\"query-input\":{\"@type\":\"PropertyValueSpecification\",\"valueRequired\":true,\"valueName\":\"search_term_string\"}}],\"inLanguage\":\"es\"},{\"@type\":\"Organization\",\"@id\":\"https:\/\/ilsr.org\/#organization\",\"name\":\"Institute for Local Self-Reliance\",\"alternateName\":\"ILSR\",\"url\":\"https:\/\/ilsr.org\/\",\"logo\":{\"@type\":\"ImageObject\",\"inLanguage\":\"es\",\"@id\":\"https:\/\/ilsr.org\/#\/schema\/logo\/image\/\",\"url\":\"https:\/\/ilsr.org\/wp-content\/uploads\/2025\/10\/ilsr_color.png\",\"contentUrl\":\"https:\/\/ilsr.org\/wp-content\/uploads\/2025\/10\/ilsr_color.png\",\"width\":509,\"height\":290,\"caption\":\"Institute for Local Self-Reliance\"},\"image\":{\"@id\":\"https:\/\/ilsr.org\/#\/schema\/logo\/image\/\"},\"sameAs\":[\"https:\/\/www.facebook.com\/localselfreliance\",\"https:\/\/www.linkedin.com\/company\/institute-for-local-self-reliance\/\",\"https:\/\/www.instagram.com\/ilsr_org\/\"]}]}<\/script>\n<!-- \/ Yoast SEO plugin. -->","yoast_head_json":{"title":"Curso en l\u00ednea con certificado \u00abCompostaje comunitario 101\u00bb","description":"Community Composting 101 is an online course that provides an overview of the importance and science of composting as well as best practices.","robots":{"index":"index","follow":"follow","max-snippet":"max-snippet:-1","max-image-preview":"max-image-preview:large","max-video-preview":"max-video-preview:-1"},"canonical":"https:\/\/ilsr.org\/es\/composting\/online-certificate-course\/","og_locale":"es_MX","og_type":"article","og_title":"Community Composting 101 Online Certificate Course","og_description":"Community Composting 101 is an online course that provides an overview of the importance and science of composting as well as best practices.","og_url":"https:\/\/ilsr.org\/es\/composting\/online-certificate-course\/","og_site_name":"Institute for Local Self-Reliance","article_publisher":"https:\/\/www.facebook.com\/localselfreliance","article_modified_time":"2025-10-09T19:25:26+00:00","og_image":[{"width":1200,"height":630,"url":"https:\/\/ilsr.org\/wp-content\/uploads\/2024\/05\/ILSR-share.png","type":"image\/png"}],"twitter_card":"summary_large_image","twitter_misc":{"Tiempo de lectura":"3 minutos"},"schema":{"@context":"https:\/\/schema.org","@graph":[{"@type":"WebPage","@id":"https:\/\/ilsr.org\/composting\/online-certificate-course\/","url":"https:\/\/ilsr.org\/composting\/online-certificate-course\/","name":"Curso en l\u00ednea con certificado \u00abCompostaje comunitario 101\u00bb","isPartOf":{"@id":"https:\/\/ilsr.org\/#website"},"datePublished":"2024-05-08T11:52:26+00:00","dateModified":"2025-10-09T19:25:26+00:00","description":"Community Composting 101 is an online course that provides an overview of the importance and science of composting as well as best practices.","breadcrumb":{"@id":"https:\/\/ilsr.org\/composting\/online-certificate-course\/#breadcrumb"},"inLanguage":"es","potentialAction":[{"@type":"ReadAction","target":["https:\/\/ilsr.org\/composting\/online-certificate-course\/"]}]},{"@type":"BreadcrumbList","@id":"https:\/\/ilsr.org\/composting\/online-certificate-course\/#breadcrumb","itemListElement":[{"@type":"ListItem","position":1,"name":"Composting for Community","item":"https:\/\/ilsr.org\/composting\/"},{"@type":"ListItem","position":2,"name":"Community Composting 101 Online Certificate Course"}]},{"@type":"WebSite","@id":"https:\/\/ilsr.org\/#website","url":"https:\/\/ilsr.org\/","name":"Instituto para la Autosuficiencia Local","description":"","publisher":{"@id":"https:\/\/ilsr.org\/#organization"},"potentialAction":[{"@type":"SearchAction","target":{"@type":"EntryPoint","urlTemplate":"https:\/\/ilsr.org\/?s={search_term_string}"},"query-input":{"@type":"PropertyValueSpecification","valueRequired":true,"valueName":"search_term_string"}}],"inLanguage":"es"},{"@type":"Organization","@id":"https:\/\/ilsr.org\/#organization","name":"Instituto para la Autosuficiencia Local","alternateName":"ILSR","url":"https:\/\/ilsr.org\/","logo":{"@type":"ImageObject","inLanguage":"es","@id":"https:\/\/ilsr.org\/#\/schema\/logo\/image\/","url":"https:\/\/ilsr.org\/wp-content\/uploads\/2025\/10\/ilsr_color.png","contentUrl":"https:\/\/ilsr.org\/wp-content\/uploads\/2025\/10\/ilsr_color.png","width":509,"height":290,"caption":"Institute for Local Self-Reliance"},"image":{"@id":"https:\/\/ilsr.org\/#\/schema\/logo\/image\/"},"sameAs":["https:\/\/www.facebook.com\/localselfreliance","https:\/\/www.linkedin.com\/company\/institute-for-local-self-reliance\/","https:\/\/www.instagram.com\/ilsr_org\/"]}]}},"_links":{"self":[{"href":"https:\/\/ilsr.org\/es\/wp-json\/wp\/v2\/pages\/18525","targetHints":{"allow":["GET"]}}],"collection":[{"href":"https:\/\/ilsr.org\/es\/wp-json\/wp\/v2\/pages"}],"about":[{"href":"https:\/\/ilsr.org\/es\/wp-json\/wp\/v2\/types\/page"}],"author":[{"embeddable":true,"href":"https:\/\/ilsr.org\/es\/wp-json\/wp\/v2\/users\/67"}],"replies":[{"embeddable":true,"href":"https:\/\/ilsr.org\/es\/wp-json\/wp\/v2\/comments?post=18525"}],"version-history":[{"count":0,"href":"https:\/\/ilsr.org\/es\/wp-json\/wp\/v2\/pages\/18525\/revisions"}],"up":[{"embeddable":true,"href":"https:\/\/ilsr.org\/es\/wp-json\/wp\/v2\/pages\/18537"}],"wp:attachment":[{"href":"https:\/\/ilsr.org\/es\/wp-json\/wp\/v2\/media?parent=18525"}],"curies":[{"name":"wp","href":"https:\/\/api.w.org\/{rel}","templated":true}]}}